{"id":453,"date":"2026-03-04T15:51:15","date_gmt":"2026-03-04T15:51:15","guid":{"rendered":"https:\/\/scuderia-italia.com\/?page_id=453"},"modified":"2026-04-06T07:36:47","modified_gmt":"2026-04-06T07:36:47","slug":"home","status":"publish","type":"page","link":"https:\/\/scuderia-italia.com\/","title":{"rendered":"Home"},"content":{"rendered":"\t\t<div data-elementor-type=\"wp-page\" data-elementor-id=\"453\" class=\"elementor elementor-453\" data-elementor-post-type=\"page\">\n\t\t\t\t<div class=\"elementor-element elementor-element-a817067 e-con-full e-flex e-con e-parent\" data-id=\"a817067\" data-element_type=\"container\" data-e-type=\"container\" data-settings=\"{&quot;background_background&quot;:&quot;classic&quot;}\">\n\t\t\t\t<div class=\"elementor-element elementor-element-5f12ac6 elementor-hidden-mobile elementor-hidden-tablet elementor-widget elementor-widget-image\" data-id=\"5f12ac6\" data-element_type=\"widget\" data-e-type=\"widget\" data-widget_type=\"image.default\">\n\t\t\t\t\t\t\t\t\t\t\t\t\t\t\t\t<a href=\"https:\/\/scuderia-italia.com\/index.php\/ferrari-296-challenge\/\" target=\"_blank\">\n\t\t\t\t\t\t\t<img fetchpriority=\"high\" decoding=\"async\" width=\"300\" height=\"200\" src=\"https:\/\/scuderia-italia.com\/wp-content\/uploads\/2026\/03\/296-Challenge-Kopie-300x200.png\" class=\"attachment-medium size-medium wp-image-502\" alt=\"\" srcset=\"https:\/\/scuderia-italia.com\/wp-content\/uploads\/2026\/03\/296-Challenge-Kopie-300x200.png 300w, https:\/\/scuderia-italia.com\/wp-content\/uploads\/2026\/03\/296-Challenge-Kopie-1024x683.png 1024w, https:\/\/scuderia-italia.com\/wp-content\/uploads\/2026\/03\/296-Challenge-Kopie-768x512.png 768w, https:\/\/scuderia-italia.com\/wp-content\/uploads\/2026\/03\/296-Challenge-Kopie.png 1536w\" sizes=\"(max-width: 300px) 100vw, 300px\" \/>\t\t\t\t\t\t\t\t<\/a>\n\t\t\t\t\t\t\t\t\t\t\t\t\t\t\t<\/div>\n\t\t\t\t<div class=\"elementor-element elementor-element-37c62d3 elementor-hidden-mobile elementor-hidden-tablet elementor-widget elementor-widget-image\" data-id=\"37c62d3\" data-element_type=\"widget\" data-e-type=\"widget\" data-widget_type=\"image.default\">\n\t\t\t\t\t\t\t\t\t\t\t\t\t\t\t\t<a href=\"https:\/\/scuderia-italia.com\/index.php\/huracan-super-trofeo-evo\/\" target=\"_blank\">\n\t\t\t\t\t\t\t<img decoding=\"async\" width=\"300\" height=\"200\" src=\"https:\/\/scuderia-italia.com\/wp-content\/uploads\/2026\/03\/HURICAN_Super-Trofeo-Kopie-1-300x200.png\" class=\"attachment-medium size-medium wp-image-507\" alt=\"\" srcset=\"https:\/\/scuderia-italia.com\/wp-content\/uploads\/2026\/03\/HURICAN_Super-Trofeo-Kopie-1-300x200.png 300w, https:\/\/scuderia-italia.com\/wp-content\/uploads\/2026\/03\/HURICAN_Super-Trofeo-Kopie-1-1024x683.png 1024w, https:\/\/scuderia-italia.com\/wp-content\/uploads\/2026\/03\/HURICAN_Super-Trofeo-Kopie-1-768x512.png 768w, https:\/\/scuderia-italia.com\/wp-content\/uploads\/2026\/03\/HURICAN_Super-Trofeo-Kopie-1.png 1536w\" sizes=\"(max-width: 300px) 100vw, 300px\" \/>\t\t\t\t\t\t\t\t<\/a>\n\t\t\t\t\t\t\t\t\t\t\t\t\t\t\t<\/div>\n\t\t\t\t<div class=\"elementor-element elementor-element-f717159 elementor-hidden-mobile elementor-hidden-tablet elementor-widget elementor-widget-image\" data-id=\"f717159\" data-element_type=\"widget\" data-e-type=\"widget\" data-widget_type=\"image.default\">\n\t\t\t\t\t\t\t\t\t\t\t\t\t\t\t\t<a href=\"https:\/\/scuderia-italia.com\/index.php\/ferrari-488-gtb-evo-challenge\/\" target=\"_blank\">\n\t\t\t\t\t\t\t<img decoding=\"async\" width=\"300\" height=\"201\" src=\"https:\/\/scuderia-italia.com\/wp-content\/uploads\/2026\/03\/488-GTB-Challenge-Kopie-300x201.png\" class=\"attachment-medium size-medium wp-image-508\" alt=\"\" srcset=\"https:\/\/scuderia-italia.com\/wp-content\/uploads\/2026\/03\/488-GTB-Challenge-Kopie-300x201.png 300w, https:\/\/scuderia-italia.com\/wp-content\/uploads\/2026\/03\/488-GTB-Challenge-Kopie-768x514.png 768w, https:\/\/scuderia-italia.com\/wp-content\/uploads\/2026\/03\/488-GTB-Challenge-Kopie.png 1015w\" sizes=\"(max-width: 300px) 100vw, 300px\" \/>\t\t\t\t\t\t\t\t<\/a>\n\t\t\t\t\t\t\t\t\t\t\t\t\t\t\t<\/div>\n\t\t\t\t<\/div>\n\t\t<div class=\"elementor-element elementor-element-7567838 e-flex e-con-boxed e-con e-parent\" data-id=\"7567838\" data-element_type=\"container\" data-e-type=\"container\">\n\t\t\t\t\t<div class=\"e-con-inner\">\n\t\t\t\t<div class=\"elementor-element elementor-element-e6ec337 elementor-widget elementor-widget-text-editor\" data-id=\"e6ec337\" data-element_type=\"widget\" data-e-type=\"widget\" data-widget_type=\"text-editor.default\">\n\t\t\t\t\t\t\t\t\t<p>Scuderia Italia Motorsport GmbH ist ein deutsches Motorsportteam mit Sitz in Hochheim.Sie treten mit Supersport-Rennwagen wie Ferrari Challenge 488 GTB evo und Lamborghini Hurac\u00e1n Super Trofeo in internationalen Serien an (z. B. Ferrari Challenge ). Zudem bieten sie Sponsoring-Partnerschaften und Markenpr\u00e4senz bei Rennen und Events.<\/p>\t\t\t\t\t\t\t\t<\/div>\n\t\t\t\t\t<\/div>\n\t\t\t\t<\/div>\n\t\t<div class=\"elementor-element elementor-element-929891a e-flex e-con-boxed e-con e-parent\" data-id=\"929891a\" data-element_type=\"container\" data-e-type=\"container\">\n\t\t\t\t\t<div class=\"e-con-inner\">\n\t\t<div class=\"elementor-element elementor-element-f03fff2 e-con-full e-flex e-con e-child\" data-id=\"f03fff2\" data-element_type=\"container\" data-e-type=\"container\">\n\t\t\t\t<div class=\"elementor-element elementor-element-89e49ff elementor-widget elementor-widget-image\" data-id=\"89e49ff\" data-element_type=\"widget\" data-e-type=\"widget\" data-widget_type=\"image.default\">\n\t\t\t\t\t\t\t\t\t\t\t\t\t\t\t<img loading=\"lazy\" decoding=\"async\" width=\"300\" height=\"90\" src=\"https:\/\/scuderia-italia.com\/wp-content\/uploads\/2026\/03\/Fahrer-Kopie-300x90.jpg\" class=\"attachment-medium size-medium wp-image-457\" alt=\"\" srcset=\"https:\/\/scuderia-italia.com\/wp-content\/uploads\/2026\/03\/Fahrer-Kopie-300x90.jpg 300w, https:\/\/scuderia-italia.com\/wp-content\/uploads\/2026\/03\/Fahrer-Kopie.jpg 320w\" sizes=\"(max-width: 300px) 100vw, 300px\" \/>\t\t\t\t\t\t\t\t\t\t\t\t\t\t\t<\/div>\n\t\t\t\t<div class=\"elementor-element elementor-element-8a87ca8 elementor-widget elementor-widget-text-editor\" data-id=\"8a87ca8\" data-element_type=\"widget\" data-e-type=\"widget\" data-widget_type=\"text-editor.default\">\n\t\t\t\t\t\t\t\t\t<p><strong>Pers\u00f6nliche Daten<\/strong><br \/>Vorname: Daniel<br \/>Nachname: Keilwitz<br \/>Nationalit\u00e4t: Deutsch<br \/>Beruf: Automobilrennfahrer<br \/>Alter: \u00a0 36 Jahre<\/p>\t\t\t\t\t\t\t\t<\/div>\n\t\t\t\t<div class=\"elementor-element elementor-element-ad2ff21 elementor-widget elementor-widget-image\" data-id=\"ad2ff21\" data-element_type=\"widget\" data-e-type=\"widget\" data-widget_type=\"image.default\">\n\t\t\t\t\t\t\t\t\t\t\t\t\t\t\t<img loading=\"lazy\" decoding=\"async\" width=\"300\" height=\"225\" src=\"https:\/\/scuderia-italia.com\/wp-content\/uploads\/2026\/03\/Marionec_Bild-1-300x225.jpg\" class=\"attachment-medium size-medium wp-image-513\" alt=\"\" srcset=\"https:\/\/scuderia-italia.com\/wp-content\/uploads\/2026\/03\/Marionec_Bild-1-300x225.jpg 300w, https:\/\/scuderia-italia.com\/wp-content\/uploads\/2026\/03\/Marionec_Bild-1-1024x768.jpg 1024w, https:\/\/scuderia-italia.com\/wp-content\/uploads\/2026\/03\/Marionec_Bild-1-768x576.jpg 768w, https:\/\/scuderia-italia.com\/wp-content\/uploads\/2026\/03\/Marionec_Bild-1-1536x1152.jpg 1536w, https:\/\/scuderia-italia.com\/wp-content\/uploads\/2026\/03\/Marionec_Bild-1.jpg 1600w\" sizes=\"(max-width: 300px) 100vw, 300px\" \/>\t\t\t\t\t\t\t\t\t\t\t\t\t\t\t<\/div>\n\t\t\t\t<div class=\"elementor-element elementor-element-449b545 elementor-widget elementor-widget-image\" data-id=\"449b545\" data-element_type=\"widget\" data-e-type=\"widget\" data-widget_type=\"image.default\">\n\t\t\t\t\t\t\t\t\t\t\t\t\t\t\t<img loading=\"lazy\" decoding=\"async\" width=\"300\" height=\"90\" src=\"https:\/\/scuderia-italia.com\/wp-content\/uploads\/2026\/03\/Fahrer-Kopie-300x90.jpg\" class=\"attachment-medium size-medium wp-image-457\" alt=\"\" srcset=\"https:\/\/scuderia-italia.com\/wp-content\/uploads\/2026\/03\/Fahrer-Kopie-300x90.jpg 300w, https:\/\/scuderia-italia.com\/wp-content\/uploads\/2026\/03\/Fahrer-Kopie.jpg 320w\" sizes=\"(max-width: 300px) 100vw, 300px\" \/>\t\t\t\t\t\t\t\t\t\t\t\t\t\t\t<\/div>\n\t\t\t\t<div class=\"elementor-element elementor-element-020c5aa elementor-widget elementor-widget-text-editor\" data-id=\"020c5aa\" data-element_type=\"widget\" data-e-type=\"widget\" data-widget_type=\"text-editor.default\">\n\t\t\t\t\t\t\t\t\t<p><strong>Pers\u00f6nliche Daten<\/strong><br \/>Vorname: Daniel<br \/>Nachname: Keilwitz<br \/>Nationalit\u00e4t: Deutsch<br \/>Beruf: Automobilrennfahrer<br \/>Alter: \u00a0 36 Jahre<\/p>\t\t\t\t\t\t\t\t<\/div>\n\t\t\t\t<div class=\"elementor-element elementor-element-3431649 elementor-widget elementor-widget-image\" data-id=\"3431649\" data-element_type=\"widget\" data-e-type=\"widget\" data-widget_type=\"image.default\">\n\t\t\t\t\t\t\t\t\t\t\t\t\t\t\t<img loading=\"lazy\" decoding=\"async\" width=\"300\" height=\"169\" src=\"https:\/\/scuderia-italia.com\/wp-content\/uploads\/2026\/03\/Keilwitz-300x169.jpg\" class=\"attachment-medium size-medium wp-image-617\" alt=\"\" srcset=\"https:\/\/scuderia-italia.com\/wp-content\/uploads\/2026\/03\/Keilwitz-300x169.jpg 300w, https:\/\/scuderia-italia.com\/wp-content\/uploads\/2026\/03\/Keilwitz-768x432.jpg 768w, https:\/\/scuderia-italia.com\/wp-content\/uploads\/2026\/03\/Keilwitz.jpg 960w\" sizes=\"(max-width: 300px) 100vw, 300px\" \/>\t\t\t\t\t\t\t\t\t\t\t\t\t\t\t<\/div>\n\t\t\t\t<\/div>\n\t\t<div class=\"elementor-element elementor-element-4302be3 e-con-full e-flex e-con e-child\" data-id=\"4302be3\" data-element_type=\"container\" data-e-type=\"container\">\n\t\t\t\t<div class=\"elementor-element elementor-element-4cd497e elementor-widget elementor-widget-image\" data-id=\"4cd497e\" data-element_type=\"widget\" data-e-type=\"widget\" data-widget_type=\"image.default\">\n\t\t\t\t\t\t\t\t\t\t\t\t\t\t\t<img loading=\"lazy\" decoding=\"async\" width=\"300\" height=\"90\" src=\"https:\/\/scuderia-italia.com\/wp-content\/uploads\/2026\/03\/Termine-1-300x90.jpg\" class=\"attachment-medium size-medium wp-image-526\" alt=\"\" srcset=\"https:\/\/scuderia-italia.com\/wp-content\/uploads\/2026\/03\/Termine-1-300x90.jpg 300w, https:\/\/scuderia-italia.com\/wp-content\/uploads\/2026\/03\/Termine-1.jpg 320w\" sizes=\"(max-width: 300px) 100vw, 300px\" \/>\t\t\t\t\t\t\t\t\t\t\t\t\t\t\t<\/div>\n\t\t\t\t<div class=\"elementor-element elementor-element-1e9b026 elementor-widget elementor-widget-image\" data-id=\"1e9b026\" data-element_type=\"widget\" data-e-type=\"widget\" data-widget_type=\"image.default\">\n\t\t\t\t\t\t\t\t\t\t\t\t\t\t\t<img loading=\"lazy\" decoding=\"async\" width=\"300\" height=\"62\" src=\"https:\/\/scuderia-italia.com\/wp-content\/uploads\/2026\/01\/ferrari-challenge-logo--300x62.png\" class=\"attachment-medium size-medium wp-image-62\" alt=\"\" srcset=\"https:\/\/scuderia-italia.com\/wp-content\/uploads\/2026\/01\/ferrari-challenge-logo--300x62.png 300w, https:\/\/scuderia-italia.com\/wp-content\/uploads\/2026\/01\/ferrari-challenge-logo--768x160.png 768w, https:\/\/scuderia-italia.com\/wp-content\/uploads\/2026\/01\/ferrari-challenge-logo-.png 1024w\" sizes=\"(max-width: 300px) 100vw, 300px\" \/>\t\t\t\t\t\t\t\t\t\t\t\t\t\t\t<\/div>\n\t\t\t\t<div class=\"elementor-element elementor-element-d0659b2 elementor-widget elementor-widget-text-editor\" data-id=\"d0659b2\" data-element_type=\"widget\" data-e-type=\"widget\" data-widget_type=\"text-editor.default\">\n\t\t\t\t\t\t\t\t\t<p><strong>FERRARI CHALLENGE 2026<br \/><\/strong><\/p><p>LE CASTELLET\u00a0 \u00a0 \u00a012 &#8211; 15 MARCH<\/p><p>MUGELLO\u00a0 \u00a0 \u00a0 \u00a0 \u00a0 \u00a0 \u00a0 23 &#8211; 26 APRIL<\/p><p>SPIELBERG\u00a0 \u00a0 \u00a0 \u00a0 \u00a0 \u00a0 14 &#8211; 17\u00a0 MAY<\/p><p>LE MANS\u00a0 \u00a0 \u00a0 \u00a0 \u00a0 \u00a0 \u00a0 \u00a0 10 &#8211; 13\u00a0 JUNE<\/p><p>PORTIM\u00c4O\u00a0 \u00a0 \u00a0 \u00a0 \u00a0 \u00a0 16 &#8211; 19\u00a0 JULY<\/p><p>\u00a0 \u00a0 \u00a0 \u00a0 \u00a0 \u00a0 \u00a0 BUDAPEST\u00a0 \u00a0 \u00a0 \u00a0 \u00a0 \u00a0 \u00a010 &#8211; 13\u00a0 SEPTEMBER<\/p><p>FINALI MONDIALI\u00a0<br \/>BARCELONA\u00a0 \u00a0 \u00a0 \u00a0 \u00a0 17 &#8211; 23\u00a0 NOVEMBER<\/p>\t\t\t\t\t\t\t\t<\/div>\n\t\t\t\t<\/div>\n\t\t\t\t\t<\/div>\n\t\t\t\t<\/div>\n\t\t<div class=\"elementor-element elementor-element-bc90d0a e-flex e-con-boxed e-con e-parent\" data-id=\"bc90d0a\" data-element_type=\"container\" data-e-type=\"container\">\n\t\t\t\t\t<div class=\"e-con-inner\">\n\t\t\t\t<div class=\"elementor-element elementor-element-03c379f elementor-widget elementor-widget-image\" data-id=\"03c379f\" data-element_type=\"widget\" data-e-type=\"widget\" data-widget_type=\"image.default\">\n\t\t\t\t\t\t\t\t\t\t\t\t\t\t\t<img loading=\"lazy\" decoding=\"async\" width=\"300\" height=\"59\" src=\"https:\/\/scuderia-italia.com\/wp-content\/uploads\/2026\/03\/Sponsoren-Kopie-300x59.jpg\" class=\"attachment-medium size-medium wp-image-630\" alt=\"\" srcset=\"https:\/\/scuderia-italia.com\/wp-content\/uploads\/2026\/03\/Sponsoren-Kopie-300x59.jpg 300w, https:\/\/scuderia-italia.com\/wp-content\/uploads\/2026\/03\/Sponsoren-Kopie.jpg 462w\" sizes=\"(max-width: 300px) 100vw, 300px\" \/>\t\t\t\t\t\t\t\t\t\t\t\t\t\t\t<\/div>\n\t\t\t\t\t<\/div>\n\t\t\t\t<\/div>\n\t\t<a class=\"elementor-element elementor-element-bc4390c e-flex e-con-boxed e-con e-parent\" data-id=\"bc4390c\" data-element_type=\"container\" data-e-type=\"container\">\n\t\t\t\t\t<div class=\"e-con-inner\">\n\t\t\t\t<div class=\"elementor-element elementor-element-ff96622 elementor-skin-carousel elementor-arrows-yes elementor-pagination-type-bullets elementor-pagination-position-outside elementor-widget elementor-widget-media-carousel\" data-id=\"ff96622\" data-element_type=\"widget\" data-e-type=\"widget\" data-settings=\"{&quot;skin&quot;:&quot;carousel&quot;,&quot;effect&quot;:&quot;slide&quot;,&quot;show_arrows&quot;:&quot;yes&quot;,&quot;pagination&quot;:&quot;bullets&quot;,&quot;speed&quot;:500,&quot;autoplay&quot;:&quot;yes&quot;,&quot;autoplay_speed&quot;:5000,&quot;loop&quot;:&quot;yes&quot;,&quot;pause_on_hover&quot;:&quot;yes&quot;,&quot;pause_on_interaction&quot;:&quot;yes&quot;,&quot;space_between&quot;:{&quot;unit&quot;:&quot;px&quot;,&quot;size&quot;:10,&quot;sizes&quot;:[]},&quot;space_between_tablet&quot;:{&quot;unit&quot;:&quot;px&quot;,&quot;size&quot;:10,&quot;sizes&quot;:[]},&quot;space_between_mobile&quot;:{&quot;unit&quot;:&quot;px&quot;,&quot;size&quot;:10,&quot;sizes&quot;:[]}}\" data-widget_type=\"media-carousel.default\">\n\t\t\t\t\t\t\t\t\t\t<div class=\"elementor-main-swiper swiper\" role=\"region\" aria-roledescription=\"carousel\" aria-label=\"Slider\">\n\t\t\t\t<div class=\"swiper-wrapper\">\n\t\t\t\t\t\t\t\t\t\t\t<div class=\"swiper-slide\" role=\"group\" aria-roledescription=\"slide\">\n\t\t\t\t\t\t\t<a href=\"https:\/\/www.gohm.de\">\t\t<div class=\"elementor-carousel-image\" role=\"img\" aria-label=\"GOHM_NEUTRAL_FERRARI_LOGO_1C_BLACK Kopie\" style=\"background-image: url(&#039;https:\/\/scuderia-italia.com\/wp-content\/uploads\/2026\/03\/GOHM_NEUTRAL_FERRARI_LOGO_1C_BLACK-Kopie.svg&#039;)\">\n\n\t\t\t\n\t\t\t\t\t<\/div>\n\t\t<\/a>\t\t\t\t\t\t<\/div>\n\t\t\t\t\t\t\t\t\t\t\t<div class=\"swiper-slide\" role=\"group\" aria-roledescription=\"slide\">\n\t\t\t\t\t\t\t<a href=\"https:\/\/pinta-beach.de\">\t\t<div class=\"elementor-carousel-image\" role=\"img\" aria-label=\"Pinta Beach\u00ae Logo o.r\" style=\"background-image: url(&#039;https:\/\/scuderia-italia.com\/wp-content\/uploads\/2026\/03\/Pinta-Beach\u00ae-Logo-o.r.svg&#039;)\">\n\n\t\t\t\n\t\t\t\t\t<\/div>\n\t\t<\/a>\t\t\t\t\t\t<\/div>\n\t\t\t\t\t\t\t\t\t\t\t<div class=\"swiper-slide\" role=\"group\" aria-roledescription=\"slide\">\n\t\t\t\t\t\t\t<a href=\"https:\/\/www.tuev-hessen.de\/\" target=\"_blank\">\t\t<div class=\"elementor-carousel-image\" role=\"img\" aria-label=\"Tu\u0308v Logo\" style=\"background-image: url(&#039;https:\/\/scuderia-italia.com\/wp-content\/uploads\/2026\/03\/Tuev-Logo-300x188.jpeg&#039;)\">\n\n\t\t\t\n\t\t\t\t\t<\/div>\n\t\t<\/a>\t\t\t\t\t\t<\/div>\n\t\t\t\t\t\t\t\t\t\t\t<div class=\"swiper-slide\" role=\"group\" aria-roledescription=\"slide\">\n\t\t\t\t\t\t\t<a href=\"http:\/\/www.pinta-beach.de\" target=\"_blank\">\t\t<div class=\"elementor-carousel-image\" role=\"img\" aria-label=\"Eventi Logo Pfade\" style=\"background-image: url(&#039;https:\/\/scuderia-italia.com\/wp-content\/uploads\/2026\/03\/Eventi-Logo-Pfade.svg&#039;)\">\n\n\t\t\t\n\t\t\t\t\t<\/div>\n\t\t<\/a>\t\t\t\t\t\t<\/div>\n\t\t\t\t\t\t\t\t\t<\/div>\n\t\t\t\t\t\t\t\t\t\t\t\t\t\t\t<div class=\"elementor-swiper-button elementor-swiper-button-prev\" role=\"button\" tabindex=\"0\" aria-label=\"Voriger\">\n\t\t\t\t\t\t\t<svg aria-hidden=\"true\" class=\"e-font-icon-svg e-eicon-chevron-left\" viewBox=\"0 0 1000 1000\" xmlns=\"http:\/\/www.w3.org\/2000\/svg\"><path d=\"M646 125C629 125 613 133 604 142L308 442C296 454 292 471 292 487 292 504 296 521 308 533L604 854C617 867 629 875 646 875 663 875 679 871 692 858 704 846 713 829 713 812 713 796 708 779 692 767L438 487 692 225C700 217 708 204 708 187 708 171 704 154 692 142 675 129 663 125 646 125Z\"><\/path><\/svg>\t\t\t\t\t\t<\/div>\n\t\t\t\t\t\t<div class=\"elementor-swiper-button elementor-swiper-button-next\" role=\"button\" tabindex=\"0\" aria-label=\"N\u00e4chster\">\n\t\t\t\t\t\t\t<svg aria-hidden=\"true\" class=\"e-font-icon-svg e-eicon-chevron-right\" viewBox=\"0 0 1000 1000\" xmlns=\"http:\/\/www.w3.org\/2000\/svg\"><path d=\"M696 533C708 521 713 504 713 487 713 471 708 454 696 446L400 146C388 133 375 125 354 125 338 125 325 129 313 142 300 154 292 171 292 187 292 204 296 221 308 233L563 492 304 771C292 783 288 800 288 817 288 833 296 850 308 863 321 871 338 875 354 875 371 875 388 867 400 854L696 533Z\"><\/path><\/svg>\t\t\t\t\t\t<\/div>\n\t\t\t\t\t\t\t\t\t\t\t\t\t\t\t\t<div class=\"swiper-pagination\"><\/div>\n\t\t\t\t\t\t\t\t\t\t\t\t<\/div>\n\t\t\t\t\t\t\t\t<\/div>\n\t\t\t\t\t<\/div>\n\t\t\t\t<\/a>\n\t\t\t\t<\/div>\n\t\t","protected":false},"excerpt":{"rendered":"<p>Scuderia Italia Motorsport GmbH ist ein deutsches Motorsportteam mit Sitz in Hochheim.Sie treten mit Supersport-Rennwagen wie Ferrari Challenge 488 GTB evo und Lamborghini Hurac\u00e1n Super Trofeo in internationalen Serien an (z. B. Ferrari Challenge ). Zudem bieten sie Sponsoring-Partnerschaften und Markenpr\u00e4senz bei Rennen und Events. Pers\u00f6nliche DatenVorname: DanielNachname: KeilwitzNationalit\u00e4t: DeutschBeruf: AutomobilrennfahrerAlter: \u00a0 36 Jahre Pers\u00f6nliche [&hellip;]<\/p>\n","protected":false},"author":1,"featured_media":0,"parent":0,"menu_order":0,"comment_status":"closed","ping_status":"closed","template":"","meta":{"footnotes":""},"class_list":["post-453","page","type-page","status-publish","hentry"],"blocksy_meta":{"has_hero_section":"disabled","styles_descriptor":{"styles":{"desktop":"","tablet":"","mobile":""},"google_fonts":[],"version":6}},"_links":{"self":[{"href":"https:\/\/scuderia-italia.com\/index.php\/wp-json\/wp\/v2\/pages\/453","targetHints":{"allow":["GET"]}}],"collection":[{"href":"https:\/\/scuderia-italia.com\/index.php\/wp-json\/wp\/v2\/pages"}],"about":[{"href":"https:\/\/scuderia-italia.com\/index.php\/wp-json\/wp\/v2\/types\/page"}],"author":[{"embeddable":true,"href":"https:\/\/scuderia-italia.com\/index.php\/wp-json\/wp\/v2\/users\/1"}],"replies":[{"embeddable":true,"href":"https:\/\/scuderia-italia.com\/index.php\/wp-json\/wp\/v2\/comments?post=453"}],"version-history":[{"count":169,"href":"https:\/\/scuderia-italia.com\/index.php\/wp-json\/wp\/v2\/pages\/453\/revisions"}],"predecessor-version":[{"id":879,"href":"https:\/\/scuderia-italia.com\/index.php\/wp-json\/wp\/v2\/pages\/453\/revisions\/879"}],"wp:attachment":[{"href":"https:\/\/scuderia-italia.com\/index.php\/wp-json\/wp\/v2\/media?parent=453"}],"curies":[{"name":"wp","href":"https:\/\/api.w.org\/{rel}","templated":true}]}}