{"id":211,"date":"2026-01-28T14:01:17","date_gmt":"2026-01-28T14:01:17","guid":{"rendered":"https:\/\/scuderia-italia.com\/?page_id=211"},"modified":"2026-04-06T07:37:52","modified_gmt":"2026-04-06T07:37:52","slug":"sponsoren","status":"publish","type":"page","link":"https:\/\/scuderia-italia.com\/index.php\/sponsoren\/","title":{"rendered":"Sponsoren"},"content":{"rendered":"\t\t<div data-elementor-type=\"wp-page\" data-elementor-id=\"211\" class=\"elementor elementor-211\" data-elementor-post-type=\"page\">\n\t\t\t\t<div class=\"elementor-element elementor-element-117854a e-con-full e-flex e-con e-parent\" data-id=\"117854a\" data-element_type=\"container\" data-e-type=\"container\" data-settings=\"{&quot;background_background&quot;:&quot;classic&quot;}\">\n\t\t\t\t<\/div>\n\t\t<div class=\"elementor-element elementor-element-87239aa e-flex e-con-boxed e-con e-parent\" data-id=\"87239aa\" data-element_type=\"container\" data-e-type=\"container\">\n\t\t\t\t\t<div class=\"e-con-inner\">\n\t\t\t\t<div class=\"elementor-element elementor-element-461a17d elementor-widget elementor-widget-text-editor\" data-id=\"461a17d\" data-element_type=\"widget\" data-e-type=\"widget\" data-widget_type=\"text-editor.default\">\n\t\t\t\t\t\t\t\t\t<p style=\"font-weight: 400;\"><strong>Wir suchen Sie!<\/strong><\/p><p style=\"font-weight: 400;\"><strong>Eine besondere Plattform f\u00fcr Sie und Ihre Partner, Adrenalin-Motorsport als Ihr Werbetr\u00e4ger!<br \/><\/strong><\/p><p style=\"font-weight: 400;\">Sponsoring ist mehr als nur ein Aufkleber auf dem Auto. Sponsoring im Motorsport bedeutet \u2013 Werbung, die dem Zuschauer im Ged\u00e4chtnis bleibt, die spannend und erfolgreich ist und Dank der Emotionen, die mit einem Rennen verbunden sind Ihren Bekanntheitsgrad zu steigern.<\/p><p style=\"font-weight: 400;\">Ob Dynamik, Hightech, Jugend, Sportlichkeit, Abenteuer oder Lebensfreude, Ihr Engagement im Motorsport kann diese Eigenschaften einpr\u00e4gsam kommunizieren und nachhaltig die Positionierung und den Weiterverkauf Ihrer Produkte unterst\u00fctzen. Durch Motorsport Sponsoring ist Ihnen vor allem die Aufmerksamkeit vieler Zielgruppen sicher.<br \/><b><br \/>Steigern Sie Ihre Medienreichweite und pr\u00e4sentieren Sie sich als unser Partner einer breiten \u00d6ffentlichkeit: \u00dcber tausende Zuschauer bei jedem Rennen, Social-Media, Print und TV.<\/b><\/p><p style=\"font-weight: 400;\"><strong>M\u00f6glichkeiten des Sponsorings<\/strong><\/p><ul style=\"font-weight: 400;\"><li>Das Rennfahrzeug als Werbetr\u00e4ger<\/li><li>Komplettes Design in Ihren Firmenfarben<\/li><li>Werbefl\u00e4chen auf dem Team-LKW, Teamkleidung oder Banner in der Box<\/li><li>Verlinkung auf unserer Webseite<\/li><li>Pr\u00e4senz im Social Media Bereich<\/li><li>Erw\u00e4hnung als Partner in allen Pressemeldungen<\/li><li>Incentive Veranstaltungen<\/li><li>Ausstellung des Fahrzeugs, z.B. bei Messen oder Firmenevents<\/li><li>Mitfahrt auf der Rennstrecke im Renntaxi<\/li><\/ul><p style=\"font-weight: 400;\"><strong><b>Ist Ihr Interesse geweckt? Dann w\u00fcrden wir uns freuen Ihnen ein unverbindliches Angebot unterbreiten zu k\u00f6nnen. Z\u00f6gern Sie nicht lange und nehmen Sie mit uns Kontakt auf.<\/b><\/strong><\/p>\t\t\t\t\t\t\t\t<\/div>\n\t\t\t\t\t<\/div>\n\t\t\t\t<\/div>\n\t\t<div class=\"elementor-element elementor-element-0586d63 e-flex e-con-boxed e-con e-parent\" data-id=\"0586d63\" data-element_type=\"container\" data-e-type=\"container\">\n\t\t\t\t\t<div class=\"e-con-inner\">\n\t\t\t\t<div class=\"elementor-element elementor-element-7a20b37 elementor-skin-carousel elementor-arrows-yes elementor-pagination-type-bullets elementor-pagination-position-outside elementor-widget elementor-widget-media-carousel\" data-id=\"7a20b37\" data-element_type=\"widget\" data-e-type=\"widget\" data-settings=\"{&quot;skin&quot;:&quot;carousel&quot;,&quot;effect&quot;:&quot;slide&quot;,&quot;show_arrows&quot;:&quot;yes&quot;,&quot;pagination&quot;:&quot;bullets&quot;,&quot;speed&quot;:500,&quot;autoplay&quot;:&quot;yes&quot;,&quot;autoplay_speed&quot;:5000,&quot;loop&quot;:&quot;yes&quot;,&quot;pause_on_hover&quot;:&quot;yes&quot;,&quot;pause_on_interaction&quot;:&quot;yes&quot;,&quot;space_between&quot;:{&quot;unit&quot;:&quot;px&quot;,&quot;size&quot;:10,&quot;sizes&quot;:[]},&quot;space_between_tablet&quot;:{&quot;unit&quot;:&quot;px&quot;,&quot;size&quot;:10,&quot;sizes&quot;:[]},&quot;space_between_mobile&quot;:{&quot;unit&quot;:&quot;px&quot;,&quot;size&quot;:10,&quot;sizes&quot;:[]}}\" data-widget_type=\"media-carousel.default\">\n\t\t\t\t\t\t\t\t\t\t<div class=\"elementor-main-swiper swiper\" role=\"region\" aria-roledescription=\"carousel\" aria-label=\"Slider\">\n\t\t\t\t<div class=\"swiper-wrapper\">\n\t\t\t\t\t\t\t\t\t\t\t<div class=\"swiper-slide\" role=\"group\" aria-roledescription=\"slide\">\n\t\t\t\t\t\t\t<a href=\"https:\/\/www.gohm.de\">\t\t<div class=\"elementor-carousel-image\" role=\"img\" aria-label=\"GOHM_NEUTRAL_FERRARI_LOGO_1C_BLACK Kopie\" style=\"background-image: url(&#039;https:\/\/scuderia-italia.com\/wp-content\/uploads\/2026\/03\/GOHM_NEUTRAL_FERRARI_LOGO_1C_BLACK-Kopie.svg&#039;)\">\n\n\t\t\t\n\t\t\t\t\t<\/div>\n\t\t<\/a>\t\t\t\t\t\t<\/div>\n\t\t\t\t\t\t\t\t\t\t\t<div class=\"swiper-slide\" role=\"group\" aria-roledescription=\"slide\">\n\t\t\t\t\t\t\t<a href=\"https:\/\/pinta-beach.de\">\t\t<div class=\"elementor-carousel-image\" role=\"img\" aria-label=\"Pinta Beach\u00ae Logo o.r\" style=\"background-image: url(&#039;https:\/\/scuderia-italia.com\/wp-content\/uploads\/2026\/03\/Pinta-Beach\u00ae-Logo-o.r.svg&#039;)\">\n\n\t\t\t\n\t\t\t\t\t<\/div>\n\t\t<\/a>\t\t\t\t\t\t<\/div>\n\t\t\t\t\t\t\t\t\t\t\t<div class=\"swiper-slide\" role=\"group\" aria-roledescription=\"slide\">\n\t\t\t\t\t\t\t<a href=\"https:\/\/www.tuev-hessen.de\/\" target=\"_blank\">\t\t<div class=\"elementor-carousel-image\" role=\"img\" aria-label=\"Tu\u0308v Logo\" style=\"background-image: url(&#039;https:\/\/scuderia-italia.com\/wp-content\/uploads\/2026\/03\/Tuev-Logo-300x188.jpeg&#039;)\">\n\n\t\t\t\n\t\t\t\t\t<\/div>\n\t\t<\/a>\t\t\t\t\t\t<\/div>\n\t\t\t\t\t\t\t\t\t\t\t<div class=\"swiper-slide\" role=\"group\" aria-roledescription=\"slide\">\n\t\t\t\t\t\t\t<a href=\"http:\/\/www.pinta-beach.de\" target=\"_blank\">\t\t<div class=\"elementor-carousel-image\" role=\"img\" aria-label=\"Eventi Logo Pfade\" style=\"background-image: url(&#039;https:\/\/scuderia-italia.com\/wp-content\/uploads\/2026\/03\/Eventi-Logo-Pfade.svg&#039;)\">\n\n\t\t\t\n\t\t\t\t\t<\/div>\n\t\t<\/a>\t\t\t\t\t\t<\/div>\n\t\t\t\t\t\t\t\t\t<\/div>\n\t\t\t\t\t\t\t\t\t\t\t\t\t\t\t<div class=\"elementor-swiper-button elementor-swiper-button-prev\" role=\"button\" tabindex=\"0\" aria-label=\"Voriger\">\n\t\t\t\t\t\t\t<svg aria-hidden=\"true\" class=\"e-font-icon-svg e-eicon-chevron-left\" viewBox=\"0 0 1000 1000\" xmlns=\"http:\/\/www.w3.org\/2000\/svg\"><path d=\"M646 125C629 125 613 133 604 142L308 442C296 454 292 471 292 487 292 504 296 521 308 533L604 854C617 867 629 875 646 875 663 875 679 871 692 858 704 846 713 829 713 812 713 796 708 779 692 767L438 487 692 225C700 217 708 204 708 187 708 171 704 154 692 142 675 129 663 125 646 125Z\"><\/path><\/svg>\t\t\t\t\t\t<\/div>\n\t\t\t\t\t\t<div class=\"elementor-swiper-button elementor-swiper-button-next\" role=\"button\" tabindex=\"0\" aria-label=\"N\u00e4chster\">\n\t\t\t\t\t\t\t<svg aria-hidden=\"true\" class=\"e-font-icon-svg e-eicon-chevron-right\" viewBox=\"0 0 1000 1000\" xmlns=\"http:\/\/www.w3.org\/2000\/svg\"><path d=\"M696 533C708 521 713 504 713 487 713 471 708 454 696 446L400 146C388 133 375 125 354 125 338 125 325 129 313 142 300 154 292 171 292 187 292 204 296 221 308 233L563 492 304 771C292 783 288 800 288 817 288 833 296 850 308 863 321 871 338 875 354 875 371 875 388 867 400 854L696 533Z\"><\/path><\/svg>\t\t\t\t\t\t<\/div>\n\t\t\t\t\t\t\t\t\t\t\t\t\t\t\t\t<div class=\"swiper-pagination\"><\/div>\n\t\t\t\t\t\t\t\t\t\t\t\t<\/div>\n\t\t\t\t\t\t\t\t<\/div>\n\t\t\t\t\t<\/div>\n\t\t\t\t<\/div>\n\t\t\t\t<\/div>\n\t\t","protected":false},"excerpt":{"rendered":"<p>Wir suchen Sie! Eine besondere Plattform f\u00fcr Sie und Ihre Partner, Adrenalin-Motorsport als Ihr Werbetr\u00e4ger! Sponsoring ist mehr als nur ein Aufkleber auf dem Auto. Sponsoring im Motorsport bedeutet \u2013 Werbung, die dem Zuschauer im Ged\u00e4chtnis bleibt, die spannend und erfolgreich ist und Dank der Emotionen, die mit einem Rennen verbunden sind Ihren Bekanntheitsgrad zu [&hellip;]<\/p>\n","protected":false},"author":1,"featured_media":0,"parent":0,"menu_order":0,"comment_status":"closed","ping_status":"closed","template":"","meta":{"footnotes":""},"class_list":["post-211","page","type-page","status-publish","hentry"],"blocksy_meta":{"has_hero_section":"disabled","styles_descriptor":{"styles":{"desktop":"","tablet":"","mobile":""},"google_fonts":[],"version":6}},"_links":{"self":[{"href":"https:\/\/scuderia-italia.com\/index.php\/wp-json\/wp\/v2\/pages\/211","targetHints":{"allow":["GET"]}}],"collection":[{"href":"https:\/\/scuderia-italia.com\/index.php\/wp-json\/wp\/v2\/pages"}],"about":[{"href":"https:\/\/scuderia-italia.com\/index.php\/wp-json\/wp\/v2\/types\/page"}],"author":[{"embeddable":true,"href":"https:\/\/scuderia-italia.com\/index.php\/wp-json\/wp\/v2\/users\/1"}],"replies":[{"embeddable":true,"href":"https:\/\/scuderia-italia.com\/index.php\/wp-json\/wp\/v2\/comments?post=211"}],"version-history":[{"count":31,"href":"https:\/\/scuderia-italia.com\/index.php\/wp-json\/wp\/v2\/pages\/211\/revisions"}],"predecessor-version":[{"id":882,"href":"https:\/\/scuderia-italia.com\/index.php\/wp-json\/wp\/v2\/pages\/211\/revisions\/882"}],"wp:attachment":[{"href":"https:\/\/scuderia-italia.com\/index.php\/wp-json\/wp\/v2\/media?parent=211"}],"curies":[{"name":"wp","href":"https:\/\/api.w.org\/{rel}","templated":true}]}}